{"id":1839,"date":"2023-08-14T00:55:01","date_gmt":"2023-08-13T22:55:01","guid":{"rendered":"https:\/\/park-der-sinne.com\/?page_id=1839"},"modified":"2023-10-18T11:11:35","modified_gmt":"2023-10-18T09:11:35","slug":"carsten-fock","status":"publish","type":"page","link":"https:\/\/park-der-sinne.com\/en\/unsere-kuenstler\/carsten-fock\/","title":{"rendered":"Carsten Fock"},"content":{"rendered":"<div id=\"fws_69d174c9872d1\"  data-column-margin=\"default\" data-midnight=\"dark\"  class=\"wpb_row vc_row-fluid vc_row full-width-content vc_row-o-equal-height vc_row-flex vc_row-o-content-top  top_padding_tablet_25pct top_padding_phone_35pct\"  style=\"padding-top: 100px; padding-bottom: 0px; \"><div class=\"row-bg-wrap\" data-bg-animation=\"none\" data-bg-overlay=\"false\"><div class=\"inner-wrap\"><div class=\"row-bg viewport-desktop\"  style=\"\"><\/div><\/div><\/div><div class=\"row_col_wrap_12 col span_12 dark left\">\n\t<div  class=\"vc_col-sm-12 wpb_column column_container vc_column_container col no-extra-padding el_spacing_0px inherit_tablet inherit_phone\"  data-padding-pos=\"top-bottom\" data-has-bg-color=\"false\" data-bg-color=\"\" data-bg-opacity=\"1\" data-animation=\"\" data-delay=\"0\" >\n\t\t<div class=\"vc_column-inner\" >\n\t\t\t<div class=\"wpb_wrapper\">\n\t\t\t\t<div id=\"fws_69d174c98778c\" data-midnight=\"\" data-column-margin=\"none\" class=\"wpb_row vc_row-fluid vc_row inner_row  right_padding_8pct left_padding_8pct\"  style=\"\"><div class=\"row-bg-wrap\"> <div class=\"row-bg\" ><\/div> <\/div><div class=\"row_col_wrap_12_inner col span_12  left\">\n\t<div  class=\"vc_col-sm-12 wpb_column column_container vc_column_container col child_column no-extra-padding el_spacing_0px inherit_tablet inherit_phone\"   data-padding-pos=\"all\" data-has-bg-color=\"false\" data-bg-color=\"\" data-bg-opacity=\"1\" data-animation=\"\" data-delay=\"0\" >\n\t\t<div class=\"vc_column-inner\" >\n\t\t<div class=\"wpb_wrapper\">\n\t\t\t<div class=\"nectar-split-heading  font_size_tablet_13vw\" data-align=\"center\" data-m-align=\"inherit\" data-text-effect=\"letter-reveal-bottom\" data-animation-type=\"line-reveal-by-space\" data-animation-delay=\"200\" data-animation-offset=\"\" data-m-rm-animation=\"true\" data-stagger=\"\" data-custom-font-size=\"true\" style=\"font-size: 4vw; line-height: 4.4vw;\"><h3 >Carsten Fock<\/h3><\/div>\n\t\t<\/div> \n\t<\/div>\n\t<\/div> \n<\/div><\/div>\n\t\t\t<\/div> \n\t\t<\/div>\n\t<\/div> \n<\/div><\/div>\r\n\t\t<div id=\"fws_69d174c987c5c\"  data-column-margin=\"default\" data-midnight=\"dark\" data-top-percent=\"2%\" data-bottom-percent=\"2%\"  class=\"wpb_row vc_row-fluid vc_row full-width-section vc_row-o-equal-height vc_row-flex vc_row-o-content-middle  top_padding_tablet_20pct top_padding_phone_20pct bottom_padding_tablet_20pct bottom_padding_phone_20pct\"  style=\"padding-top: calc(100vw * 0.02); padding-bottom: calc(100vw * 0.02); \"><div class=\"row-bg-wrap\" data-bg-animation=\"none\" data-bg-overlay=\"false\"><div class=\"inner-wrap\"><div class=\"row-bg viewport-desktop\"  style=\"\"><\/div><\/div><\/div><div class=\"row_col_wrap_12 col span_12 dark left\">\n\t<div  class=\"vc_col-sm-6 wpb_column column_container vc_column_container col no-extra-padding inherit_tablet inherit_phone\"  data-padding-pos=\"all\" data-has-bg-color=\"false\" data-bg-color=\"\" data-bg-opacity=\"1\" data-animation=\"\" data-delay=\"0\" >\n\t\t<div class=\"vc_column-inner\" >\n\t\t\t<div class=\"wpb_wrapper\">\n\t\t\t\t<div id=\"fws_69d174c987fc8\" data-midnight=\"\" data-column-margin=\"default\" class=\"wpb_row vc_row-fluid vc_row inner_row\"  style=\"\"><div class=\"row-bg-wrap\"> <div class=\"row-bg\" ><\/div> <\/div><div class=\"row_col_wrap_12_inner col span_12  left\">\n\t<div  class=\"vc_col-sm-12 wpb_column column_container vc_column_container col child_column no-extra-padding inherit_tablet inherit_phone\"   data-padding-pos=\"bottom\" data-has-bg-color=\"false\" data-bg-color=\"\" data-bg-opacity=\"1\" data-animation=\"\" data-delay=\"0\" >\n\t\t<div class=\"vc_column-inner\" >\n\t\t<div class=\"wpb_wrapper\">\n\t\t\t<div class=\"nectar-split-heading\" data-align=\"default\" data-m-align=\"inherit\" data-text-effect=\"default\" data-animation-type=\"line-reveal-by-space\" data-animation-delay=\"0\" data-animation-offset=\"\" data-m-rm-animation=\"\" data-stagger=\"\" data-custom-font-size=\"false\" ><p >Carsten Fock, geboren im Jahr 1968 in Weida, Th\u00fcringen, ist ein renommierter deutscher K\u00fcnstler. Er erlangte Bekanntheit durch seine expressiven Gem\u00e4lde, Installationen und Zeichnungen und z\u00e4hlt zu den herausragenden zeitgen\u00f6ssischen K\u00fcnstlern Deutschlands.<\/p>\n<p>Carsten Fock verbrachte seine Kindheit und Jugend in Th\u00fcringen. Im Jahr 1988 floh er aus der damaligen DDR in die Bundesrepublik Deutschland, wo er eine Ausbildung zum Gro\u00df- und Au\u00dfenhandelskaufmann absolvierte. Anschlie\u00dfend studierte er an der Kunsthochschule Kassel unter der Anleitung von Alison Knowles und Rolf Lobeck fort, bevor er zu Per Kirkeby und Georg Herold an die St\u00e4delschule Frankfurt wechselte. Seit dem Jahr 2000 arbeitet er als freischaffender K\u00fcnstler und hat in verschiedenen St\u00e4dten wie Frankfurt, Berlin, Wien, Los Angeles, Paris, Kopenhagen, M\u00fcnchen und Salzburg gewirkt.<\/p>\n<p>Ausschnitt aus dem Text zur Ausstellung \"Zum Meer\" 2022, Oliver Koerner von Gustorf:<\/p>\n<p>\"Zentraler Aspekt in Carsten Focks k\u00fcnstlerischem Werk ist die Auseinandersetzung mit der deutschen Landschaftsmalerei. In seinen Gem\u00e4lden und Malereiinstallationen verband der K\u00fcnstler \u00fcber Jahrzehnte die Auseinandersetzung mit der eigenen Biografie und die kritische Hinterfragung der Ost-West-Malerei im geteilten Deutschland der sechziger und siebziger Jahre.<\/p>\n<p>Landschaftsmalerei war bei Fock immer ein historisch und kunstgeschichtlich kontaminiertes Sujet, verbunden mit Reflexionen \u00fcber die deutsche Vergangenheit, Nationalismus, Krieg und Teilung, aber auch \u00fcber die Gewalt der Moderne. Focks Gem\u00e4lde unternahmen dabei den Versuch formaler, analytischer, popkultureller Kommentar zu sein, eine innere Vision der Gegenwart zu entwickeln. Dabei thematisierte er immer wieder die ideologische Rolle der Kunst und des K\u00fcnstlers, die Machtverh\u00e4ltnisse, die Malerei repr\u00e4sentiert.\"<\/p><\/div>\n\t\t<\/div> \n\t<\/div>\n\t<\/div> \n<\/div><\/div>\n\t\t\t<\/div> \n\t\t<\/div>\n\t<\/div> \n\n\t<div  class=\"vc_col-sm-6 wpb_column column_container vc_column_container col has-animation padding-4-percent inherit_tablet inherit_phone\"  data-padding-pos=\"top-bottom\" data-has-bg-color=\"false\" data-bg-color=\"\" data-bg-opacity=\"1\" data-animation=\"fade-in-from-left\" data-delay=\"0\" >\n\t\t<div class=\"vc_column-inner\" >\n\t\t\t<div class=\"wpb_wrapper\">\n\t\t\t\t<div class=\"img-with-aniamtion-wrap  custom-size\" data-max-width=\"100%\" data-max-width-mobile=\"default\" data-shadow=\"none\" data-animation=\"fade-in\" >\r\n      <div class=\"inner\">\r\n        <div class=\"hover-wrap\"> \r\n          <div class=\"hover-wrap-inner\">\r\n            <img loading=\"lazy\" decoding=\"async\" class=\"img-with-animation skip-lazy\" data-delay=\"0\" height=\"800\" width=\"800\" data-animation=\"fade-in\" src=\"https:\/\/park-der-sinne.com\/wp-content\/uploads\/2023\/08\/Carsten_Fock_\u00a9Maria_Bayer-800x800.jpg\" alt=\"\" srcset=\"https:\/\/park-der-sinne.com\/wp-content\/uploads\/2023\/08\/Carsten_Fock_\u00a9Maria_Bayer-800x800.jpg 800w, https:\/\/park-der-sinne.com\/wp-content\/uploads\/2023\/08\/Carsten_Fock_\u00a9Maria_Bayer-150x150.jpg 150w, https:\/\/park-der-sinne.com\/wp-content\/uploads\/2023\/08\/Carsten_Fock_\u00a9Maria_Bayer-100x100.jpg 100w, https:\/\/park-der-sinne.com\/wp-content\/uploads\/2023\/08\/Carsten_Fock_\u00a9Maria_Bayer-140x140.jpg 140w, https:\/\/park-der-sinne.com\/wp-content\/uploads\/2023\/08\/Carsten_Fock_\u00a9Maria_Bayer-500x500.jpg 500w, https:\/\/park-der-sinne.com\/wp-content\/uploads\/2023\/08\/Carsten_Fock_\u00a9Maria_Bayer-350x350.jpg 350w, https:\/\/park-der-sinne.com\/wp-content\/uploads\/2023\/08\/Carsten_Fock_\u00a9Maria_Bayer-1000x1000.jpg 1000w, https:\/\/park-der-sinne.com\/wp-content\/uploads\/2023\/08\/Carsten_Fock_\u00a9Maria_Bayer-300x300.jpg 300w\" sizes=\"auto, (max-width: 800px) 100vw, 800px\" \/>\r\n          <\/div>\r\n        <\/div>\r\n      <\/div>\r\n    <\/div>\n\t\t\t<\/div> \n\t\t<\/div>\n\t<\/div> \n\n\t<div  class=\"vc_col-sm-12 wpb_column column_container vc_column_container col centered-text no-extra-padding el_spacing_40px inherit_tablet inherit_phone\"  data-padding-pos=\"all\" data-has-bg-color=\"false\" data-bg-color=\"\" data-bg-opacity=\"1\" data-animation=\"\" data-delay=\"0\" >\n\t\t<div class=\"vc_column-inner\" >\n\t\t\t<div class=\"wpb_wrapper\">\n\t\t\t\t<div class=\"divider-wrap\" data-alignment=\"default\"><div style=\"padding-top: 35px; padding-bottom: 35px;\"  class=\"divider-vertical nectar-bg-black\"><\/div><\/div><div class=\"nectar-split-heading\" data-align=\"center\" data-m-align=\"center\" data-text-effect=\"default\" data-animation-type=\"line-reveal-by-space\" data-animation-delay=\"0\" data-animation-offset=\"\" data-m-rm-animation=\"\" data-stagger=\"\" data-custom-font-size=\"true\" style=\"font-size: 1.7vw; line-height: 1.87vw;\"><h1 ><\/h1><\/div>\n\t\t\t<\/div> \n\t\t<\/div>\n\t<\/div> \n<\/div><\/div>","protected":false},"excerpt":{"rendered":"Carsten Fock Carsten Fock, geboren im Jahr 1968 in Weida, Th\u00fcringen, ist ein renommierter deutscher K\u00fcnstler. Er erlangte...","protected":false},"author":1,"featured_media":0,"parent":607,"menu_order":0,"comment_status":"closed","ping_status":"closed","template":"","meta":{"footnotes":""},"class_list":["post-1839","page","type-page","status-publish"],"_links":{"self":[{"href":"https:\/\/park-der-sinne.com\/en\/wp-json\/wp\/v2\/pages\/1839","targetHints":{"allow":["GET"]}}],"collection":[{"href":"https:\/\/park-der-sinne.com\/en\/wp-json\/wp\/v2\/pages"}],"about":[{"href":"https:\/\/park-der-sinne.com\/en\/wp-json\/wp\/v2\/types\/page"}],"author":[{"embeddable":true,"href":"https:\/\/park-der-sinne.com\/en\/wp-json\/wp\/v2\/users\/1"}],"replies":[{"embeddable":true,"href":"https:\/\/park-der-sinne.com\/en\/wp-json\/wp\/v2\/comments?post=1839"}],"version-history":[{"count":9,"href":"https:\/\/park-der-sinne.com\/en\/wp-json\/wp\/v2\/pages\/1839\/revisions"}],"predecessor-version":[{"id":1884,"href":"https:\/\/park-der-sinne.com\/en\/wp-json\/wp\/v2\/pages\/1839\/revisions\/1884"}],"up":[{"embeddable":true,"href":"https:\/\/park-der-sinne.com\/en\/wp-json\/wp\/v2\/pages\/607"}],"wp:attachment":[{"href":"https:\/\/park-der-sinne.com\/en\/wp-json\/wp\/v2\/media?parent=1839"}],"curies":[{"name":"wp","href":"https:\/\/api.w.org\/{rel}","templated":true}]}}